{"id":546,"date":"2025-04-08T08:43:52","date_gmt":"2025-04-08T11:43:52","guid":{"rendered":"http:\/\/ebegembalagens.com.br\/?page_id=546"},"modified":"2025-06-11T11:05:48","modified_gmt":"2025-06-11T14:05:48","slug":"sustentabilidade","status":"publish","type":"page","link":"https:\/\/ebegembalagens.com.br\/?page_id=546","title":{"rendered":"Sustentabilidade"},"content":{"rendered":"\t\t<div data-elementor-type=\"wp-page\" data-elementor-id=\"546\" class=\"elementor elementor-546\" data-elementor-post-type=\"page\">\n\t\t\t\t<div class=\"elementor-element elementor-element-1dbe94b1 e-flex e-con-boxed e-con e-parent\" data-id=\"1dbe94b1\" data-element_type=\"container\" data-settings=\"{&quot;background_background&quot;:&quot;classic&quot;}\">\n\t\t\t\t\t<div class=\"e-con-inner\">\n\t\t\t\t<div class=\"elementor-element elementor-element-2d5585fd elementor-widget__width-initial elementor-widget elementor-widget-image\" data-id=\"2d5585fd\" data-element_type=\"widget\" data-widget_type=\"image.default\">\n\t\t\t\t<div class=\"elementor-widget-container\">\n\t\t\t\t\t\t\t\t\t\t\t\t\t<img fetchpriority=\"high\" decoding=\"async\" width=\"800\" height=\"146\" src=\"https:\/\/ebegembalagens.com.br\/wp-content\/uploads\/2025\/04\/logo-EBEG-Embalagens-branco-1024x187.png\" class=\"attachment-large size-large wp-image-147\" alt=\"\" srcset=\"https:\/\/ebegembalagens.com.br\/wp-content\/uploads\/2025\/04\/logo-EBEG-Embalagens-branco-1024x187.png 1024w, https:\/\/ebegembalagens.com.br\/wp-content\/uploads\/2025\/04\/logo-EBEG-Embalagens-branco-300x55.png 300w, https:\/\/ebegembalagens.com.br\/wp-content\/uploads\/2025\/04\/logo-EBEG-Embalagens-branco-768x140.png 768w, https:\/\/ebegembalagens.com.br\/wp-content\/uploads\/2025\/04\/logo-EBEG-Embalagens-branco-1536x280.png 1536w, https:\/\/ebegembalagens.com.br\/wp-content\/uploads\/2025\/04\/logo-EBEG-Embalagens-branco-2048x373.png 2048w\" sizes=\"(max-width: 800px) 100vw, 800px\" \/>\t\t\t\t\t\t\t\t\t\t\t\t\t<\/div>\n\t\t\t\t<\/div>\n\t\t\t\t<div class=\"elementor-element elementor-element-3d5444a7 elementor-nav-menu--stretch elementor-nav-menu__align-end elementor-nav-menu--dropdown-mobile elementor-nav-menu__text-align-center elementor-nav-menu--toggle elementor-nav-menu--burger elementor-widget elementor-widget-nav-menu\" data-id=\"3d5444a7\" data-element_type=\"widget\" data-settings=\"{&quot;full_width&quot;:&quot;stretch&quot;,&quot;layout&quot;:&quot;horizontal&quot;,&quot;submenu_icon&quot;:{&quot;value&quot;:&quot;&lt;svg class=\\&quot;e-font-icon-svg e-fas-caret-down\\&quot; viewBox=\\&quot;0 0 320 512\\&quot; xmlns=\\&quot;http:\\\/\\\/www.w3.org\\\/2000\\\/svg\\&quot;&gt;&lt;path d=\\&quot;M31.3 192h257.3c17.8 0 26.7 21.5 14.1 34.1L174.1 354.8c-7.8 7.8-20.5 7.8-28.3 0L17.2 226.1C4.6 213.5 13.5 192 31.3 192z\\&quot;&gt;&lt;\\\/path&gt;&lt;\\\/svg&gt;&quot;,&quot;library&quot;:&quot;fa-solid&quot;},&quot;toggle&quot;:&quot;burger&quot;}\" data-widget_type=\"nav-menu.default\">\n\t\t\t\t<div class=\"elementor-widget-container\">\n\t\t\t\t\t\t<nav aria-label=\"Menu\" class=\"elementor-nav-menu--main elementor-nav-menu__container elementor-nav-menu--layout-horizontal e--pointer-underline e--animation-fade\">\n\t\t\t\t<ul id=\"menu-1-3d5444a7\" class=\"elementor-nav-menu\"><li class=\"menu-item menu-item-type-post_type menu-item-object-page menu-item-home menu-item-735\"><a href=\"https:\/\/ebegembalagens.com.br\/\" class=\"elementor-item\">In\u00edcio<\/a><\/li>\n<li class=\"menu-item menu-item-type-post_type menu-item-object-page menu-item-734\"><a href=\"https:\/\/ebegembalagens.com.br\/?page_id=367\" class=\"elementor-item\">Quem somos<\/a><\/li>\n<li class=\"menu-item menu-item-type-post_type menu-item-object-page menu-item-733\"><a href=\"https:\/\/ebegembalagens.com.br\/?page_id=450\" class=\"elementor-item\">Nossas solu\u00e7\u00f5es<\/a><\/li>\n<li class=\"menu-item menu-item-type-post_type menu-item-object-page menu-item-732\"><a href=\"https:\/\/ebegembalagens.com.br\/?page_id=546\" class=\"elementor-item\">Sustentabilidade<\/a><\/li>\n<\/ul>\t\t\t<\/nav>\n\t\t\t\t\t<div class=\"elementor-menu-toggle\" role=\"button\" tabindex=\"0\" aria-label=\"Menu Toggle\" aria-expanded=\"false\">\n\t\t\t<svg aria-hidden=\"true\" role=\"presentation\" class=\"elementor-menu-toggle__icon--open e-font-icon-svg e-eicon-menu-bar\" viewBox=\"0 0 1000 1000\" xmlns=\"http:\/\/www.w3.org\/2000\/svg\"><path d=\"M104 333H896C929 333 958 304 958 271S929 208 896 208H104C71 208 42 237 42 271S71 333 104 333ZM104 583H896C929 583 958 554 958 521S929 458 896 458H104C71 458 42 487 42 521S71 583 104 583ZM104 833H896C929 833 958 804 958 771S929 708 896 708H104C71 708 42 737 42 771S71 833 104 833Z\"><\/path><\/svg><svg aria-hidden=\"true\" role=\"presentation\" class=\"elementor-menu-toggle__icon--close e-font-icon-svg e-eicon-close\" viewBox=\"0 0 1000 1000\" xmlns=\"http:\/\/www.w3.org\/2000\/svg\"><path d=\"M742 167L500 408 258 167C246 154 233 150 217 150 196 150 179 158 167 167 154 179 150 196 150 212 150 229 154 242 171 254L408 500 167 742C138 771 138 800 167 829 196 858 225 858 254 829L496 587 738 829C750 842 767 846 783 846 800 846 817 842 829 829 842 817 846 804 846 783 846 767 842 750 829 737L588 500 833 258C863 229 863 200 833 171 804 137 775 137 742 167Z\"><\/path><\/svg>\t\t\t<span class=\"elementor-screen-only\">Menu<\/span>\n\t\t<\/div>\n\t\t\t\t\t<nav class=\"elementor-nav-menu--dropdown elementor-nav-menu__container\" aria-hidden=\"true\">\n\t\t\t\t<ul id=\"menu-2-3d5444a7\" class=\"elementor-nav-menu\"><li class=\"menu-item menu-item-type-post_type menu-item-object-page menu-item-home menu-item-735\"><a href=\"https:\/\/ebegembalagens.com.br\/\" class=\"elementor-item\" tabindex=\"-1\">In\u00edcio<\/a><\/li>\n<li class=\"menu-item menu-item-type-post_type menu-item-object-page menu-item-734\"><a href=\"https:\/\/ebegembalagens.com.br\/?page_id=367\" class=\"elementor-item\" tabindex=\"-1\">Quem somos<\/a><\/li>\n<li class=\"menu-item menu-item-type-post_type menu-item-object-page menu-item-733\"><a href=\"https:\/\/ebegembalagens.com.br\/?page_id=450\" class=\"elementor-item\" tabindex=\"-1\">Nossas solu\u00e7\u00f5es<\/a><\/li>\n<li class=\"menu-item menu-item-type-post_type menu-item-object-page menu-item-732\"><a href=\"https:\/\/ebegembalagens.com.br\/?page_id=546\" class=\"elementor-item\" tabindex=\"-1\">Sustentabilidade<\/a><\/li>\n<\/ul>\t\t\t<\/nav>\n\t\t\t\t<\/div>\n\t\t\t\t<\/div>\n\t\t\t\t<div class=\"elementor-element elementor-element-5644a365 elementor-align-right elementor-mobile-align-center e-transform elementor-hidden-mobile elementor-invisible elementor-widget elementor-widget-button\" data-id=\"5644a365\" data-element_type=\"widget\" data-settings=\"{&quot;_animation&quot;:&quot;bounce&quot;,&quot;_transform_scale_effect_hover&quot;:{&quot;unit&quot;:&quot;px&quot;,&quot;size&quot;:1.1000000000000001,&quot;sizes&quot;:[]},&quot;_transform_scale_effect_hover_tablet&quot;:{&quot;unit&quot;:&quot;px&quot;,&quot;size&quot;:&quot;&quot;,&quot;sizes&quot;:[]},&quot;_transform_scale_effect_hover_mobile&quot;:{&quot;unit&quot;:&quot;px&quot;,&quot;size&quot;:&quot;&quot;,&quot;sizes&quot;:[]}}\" data-widget_type=\"button.default\">\n\t\t\t\t<div class=\"elementor-widget-container\">\n\t\t\t\t\t\t\t<div class=\"elementor-button-wrapper\">\n\t\t\t\t\t<a class=\"elementor-button elementor-button-link elementor-size-sm\" href=\"https:\/\/heyzine.com\/flip-book\/43ef19ad24.html\">\n\t\t\t\t\t\t<span class=\"elementor-button-content-wrapper\">\n\t\t\t\t\t\t\t\t\t<span class=\"elementor-button-text\">Acesse nosso cat\u00e1logo<\/span>\n\t\t\t\t\t<\/span>\n\t\t\t\t\t<\/a>\n\t\t\t\t<\/div>\n\t\t\t\t\t\t<\/div>\n\t\t\t\t<\/div>\n\t\t\t\t\t<\/div>\n\t\t\t\t<\/div>\n\t\t<div class=\"elementor-element elementor-element-d10e850 elementor-hidden-desktop elementor-hidden-tablet e-flex e-con-boxed e-con e-parent\" data-id=\"d10e850\" data-element_type=\"container\">\n\t\t\t\t\t<div class=\"e-con-inner\">\n\t\t\t\t<div class=\"elementor-element elementor-element-58eb674 elementor-hidden-desktop elementor-hidden-tablet elementor-widget elementor-widget-image\" data-id=\"58eb674\" data-element_type=\"widget\" data-settings=\"{&quot;_animation_mobile&quot;:&quot;fadeIn&quot;}\" data-widget_type=\"image.default\">\n\t\t\t\t<div class=\"elementor-widget-container\">\n\t\t\t\t\t\t\t\t\t\t\t\t\t<img decoding=\"async\" width=\"387\" height=\"578\" src=\"https:\/\/ebegembalagens.com.br\/wp-content\/uploads\/2025\/05\/EBEG-EMBA.-BANNER-HOME-MOBILE.png\" class=\"attachment-2048x2048 size-2048x2048 wp-image-1424\" alt=\"\" srcset=\"https:\/\/ebegembalagens.com.br\/wp-content\/uploads\/2025\/05\/EBEG-EMBA.-BANNER-HOME-MOBILE.png 387w, https:\/\/ebegembalagens.com.br\/wp-content\/uploads\/2025\/05\/EBEG-EMBA.-BANNER-HOME-MOBILE-201x300.png 201w\" sizes=\"(max-width: 387px) 100vw, 387px\" \/>\t\t\t\t\t\t\t\t\t\t\t\t\t<\/div>\n\t\t\t\t<\/div>\n\t\t\t\t\t<\/div>\n\t\t\t\t<\/div>\n\t\t<div class=\"elementor-element elementor-element-a9f383b elementor-hidden-mobile e-flex e-con-boxed e-con e-parent\" data-id=\"a9f383b\" data-element_type=\"container\">\n\t\t\t\t\t<div class=\"e-con-inner\">\n\t\t\t\t<div class=\"elementor-element elementor-element-50e6101 elementor-hidden-mobile elementor-widget elementor-widget-image\" data-id=\"50e6101\" data-element_type=\"widget\" data-widget_type=\"image.default\">\n\t\t\t\t<div class=\"elementor-widget-container\">\n\t\t\t\t\t\t\t\t\t\t\t\t\t<img decoding=\"async\" width=\"1183\" height=\"438\" src=\"https:\/\/ebegembalagens.com.br\/wp-content\/uploads\/2025\/05\/EBEG-EMBA.-BANNER-sust-DESKTOP.png\" class=\"attachment-full size-full wp-image-1420\" alt=\"\" srcset=\"https:\/\/ebegembalagens.com.br\/wp-content\/uploads\/2025\/05\/EBEG-EMBA.-BANNER-sust-DESKTOP.png 1183w, https:\/\/ebegembalagens.com.br\/wp-content\/uploads\/2025\/05\/EBEG-EMBA.-BANNER-sust-DESKTOP-300x111.png 300w, https:\/\/ebegembalagens.com.br\/wp-content\/uploads\/2025\/05\/EBEG-EMBA.-BANNER-sust-DESKTOP-1024x379.png 1024w, https:\/\/ebegembalagens.com.br\/wp-content\/uploads\/2025\/05\/EBEG-EMBA.-BANNER-sust-DESKTOP-768x284.png 768w\" sizes=\"(max-width: 1183px) 100vw, 1183px\" \/>\t\t\t\t\t\t\t\t\t\t\t\t\t<\/div>\n\t\t\t\t<\/div>\n\t\t\t\t\t<\/div>\n\t\t\t\t<\/div>\n\t\t<div class=\"elementor-element elementor-element-b119e46 e-flex e-con-boxed e-con e-parent\" data-id=\"b119e46\" data-element_type=\"container\">\n\t\t\t\t\t<div class=\"e-con-inner\">\n\t\t<div class=\"elementor-element elementor-element-c1daa32 e-con-full e-flex e-con e-child\" data-id=\"c1daa32\" data-element_type=\"container\">\n\t\t\t\t<div class=\"elementor-element elementor-element-ac78f0f elementor-widget elementor-widget-heading\" data-id=\"ac78f0f\" data-element_type=\"widget\" data-widget_type=\"heading.default\">\n\t\t\t\t<div class=\"elementor-widget-container\">\n\t\t\t<h2 class=\"elementor-heading-title elementor-size-default\">COMPROMISSO AMBIENTAL<\/h2>\t\t<\/div>\n\t\t\t\t<\/div>\n\t\t\t\t<div class=\"elementor-element elementor-element-9054e91 elementor-widget elementor-widget-text-editor\" data-id=\"9054e91\" data-element_type=\"widget\" data-widget_type=\"text-editor.default\">\n\t\t\t\t<div class=\"elementor-widget-container\">\n\t\t\t\t\t\t\t<p>Entendemos que sustentabilidade \u00e9 um compromisso di\u00e1rio com pr\u00e1ticas respons\u00e1veis que preservam o meio ambiente. Acreditamos que a educa\u00e7\u00e3o ambiental \u00e9 a chave para promover a conscientiza\u00e7\u00e3o e mudar atitudes, contribuindo para um futuro mais equilibrado e sustent\u00e1vel para todos.<\/p>\t\t\t\t\t\t<\/div>\n\t\t\t\t<\/div>\n\t\t\t\t<\/div>\n\t\t\t\t\t<\/div>\n\t\t\t\t<\/div>\n\t\t<div class=\"elementor-element elementor-element-6f5cedb e-flex e-con-boxed e-con e-parent\" data-id=\"6f5cedb\" data-element_type=\"container\">\n\t\t\t\t\t<div class=\"e-con-inner\">\n\t\t\t\t<div class=\"elementor-element elementor-element-3dad436 elementor-widget elementor-widget-image\" data-id=\"3dad436\" data-element_type=\"widget\" data-widget_type=\"image.default\">\n\t\t\t\t<div class=\"elementor-widget-container\">\n\t\t\t\t\t\t\t\t\t\t\t\t\t<img loading=\"lazy\" decoding=\"async\" width=\"1107\" height=\"100\" src=\"https:\/\/ebegembalagens.com.br\/wp-content\/uploads\/2025\/04\/DIVISOR-SUSTENTABILIDADE.png\" class=\"attachment-2048x2048 size-2048x2048 wp-image-552\" alt=\"\" srcset=\"https:\/\/ebegembalagens.com.br\/wp-content\/uploads\/2025\/04\/DIVISOR-SUSTENTABILIDADE.png 1107w, https:\/\/ebegembalagens.com.br\/wp-content\/uploads\/2025\/04\/DIVISOR-SUSTENTABILIDADE-300x27.png 300w, https:\/\/ebegembalagens.com.br\/wp-content\/uploads\/2025\/04\/DIVISOR-SUSTENTABILIDADE-1024x93.png 1024w, https:\/\/ebegembalagens.com.br\/wp-content\/uploads\/2025\/04\/DIVISOR-SUSTENTABILIDADE-768x69.png 768w\" sizes=\"(max-width: 1107px) 100vw, 1107px\" \/>\t\t\t\t\t\t\t\t\t\t\t\t\t<\/div>\n\t\t\t\t<\/div>\n\t\t\t\t\t<\/div>\n\t\t\t\t<\/div>\n\t\t<div class=\"elementor-element elementor-element-49c5c67 e-flex e-con-boxed e-con e-parent\" data-id=\"49c5c67\" data-element_type=\"container\">\n\t\t\t\t\t<div class=\"e-con-inner\">\n\t\t<div class=\"elementor-element elementor-element-1595c78 e-con-full e-flex e-con e-child\" data-id=\"1595c78\" data-element_type=\"container\">\n\t\t\t\t<div class=\"elementor-element elementor-element-e76991e elementor-widget elementor-widget-image\" data-id=\"e76991e\" data-element_type=\"widget\" data-widget_type=\"image.default\">\n\t\t\t\t<div class=\"elementor-widget-container\">\n\t\t\t\t\t\t\t\t\t\t\t\t\t<img loading=\"lazy\" decoding=\"async\" width=\"224\" height=\"267\" src=\"https:\/\/ebegembalagens.com.br\/wp-content\/uploads\/2025\/04\/SELO-EPN_PNG-1.png\" class=\"attachment-large size-large wp-image-557\" alt=\"\" \/>\t\t\t\t\t\t\t\t\t\t\t\t\t<\/div>\n\t\t\t\t<\/div>\n\t\t\t\t<\/div>\n\t\t<div class=\"elementor-element elementor-element-c26f4f3 e-con-full e-flex e-con e-child\" data-id=\"c26f4f3\" data-element_type=\"container\">\n\t\t\t\t<div class=\"elementor-element elementor-element-c616edb elementor-widget elementor-widget-heading\" data-id=\"c616edb\" data-element_type=\"widget\" data-widget_type=\"heading.default\">\n\t\t\t\t<div class=\"elementor-widget-container\">\n\t\t\t<h2 class=\"elementor-heading-title elementor-size-default\">Fazemos parte\nda mudan\u00e7a<\/h2>\t\t<\/div>\n\t\t\t\t<\/div>\n\t\t\t\t<\/div>\n\t\t<div class=\"elementor-element elementor-element-00b2df5 e-con-full e-flex e-con e-child\" data-id=\"00b2df5\" data-element_type=\"container\">\n\t\t\t\t<div class=\"elementor-element elementor-element-6f41deb elementor-widget elementor-widget-text-editor\" data-id=\"6f41deb\" data-element_type=\"widget\" data-widget_type=\"text-editor.default\">\n\t\t\t\t<div class=\"elementor-widget-container\">\n\t\t\t\t\t\t\t<p>Proteger a natureza \u00e9 uma responsabilidade compartilhada. Atrav\u00e9s das nossas iniciativas, inspiramos a transforma\u00e7\u00e3o positiva no setor e na sociedade. A cada passo em dire\u00e7\u00e3o a um modelo mais sustent\u00e1vel, reafirmamos nosso compromisso com um futuro dos neg\u00f3cios e pessoas.<\/p>\t\t\t\t\t\t<\/div>\n\t\t\t\t<\/div>\n\t\t\t\t<\/div>\n\t\t\t\t\t<\/div>\n\t\t\t\t<\/div>\n\t\t<div class=\"elementor-element elementor-element-5fdfb00a e-flex e-con-boxed e-con e-parent\" data-id=\"5fdfb00a\" data-element_type=\"container\" data-settings=\"{&quot;background_background&quot;:&quot;classic&quot;}\">\n\t\t\t\t\t<div class=\"e-con-inner\">\n\t\t<div class=\"elementor-element elementor-element-5c82c963 e-con-full e-flex e-con e-child\" data-id=\"5c82c963\" data-element_type=\"container\">\n\t\t\t\t<div class=\"elementor-element elementor-element-544b5693 elementor-widget elementor-widget-image\" data-id=\"544b5693\" data-element_type=\"widget\" data-widget_type=\"image.default\">\n\t\t\t\t<div class=\"elementor-widget-container\">\n\t\t\t\t\t\t\t\t\t\t\t\t\t<img fetchpriority=\"high\" decoding=\"async\" width=\"800\" height=\"146\" src=\"https:\/\/ebegembalagens.com.br\/wp-content\/uploads\/2025\/04\/logo-EBEG-Embalagens-branco-1024x187.png\" class=\"attachment-large size-large wp-image-147\" alt=\"\" srcset=\"https:\/\/ebegembalagens.com.br\/wp-content\/uploads\/2025\/04\/logo-EBEG-Embalagens-branco-1024x187.png 1024w, https:\/\/ebegembalagens.com.br\/wp-content\/uploads\/2025\/04\/logo-EBEG-Embalagens-branco-300x55.png 300w, https:\/\/ebegembalagens.com.br\/wp-content\/uploads\/2025\/04\/logo-EBEG-Embalagens-branco-768x140.png 768w, https:\/\/ebegembalagens.com.br\/wp-content\/uploads\/2025\/04\/logo-EBEG-Embalagens-branco-1536x280.png 1536w, https:\/\/ebegembalagens.com.br\/wp-content\/uploads\/2025\/04\/logo-EBEG-Embalagens-branco-2048x373.png 2048w\" sizes=\"(max-width: 800px) 100vw, 800px\" \/>\t\t\t\t\t\t\t\t\t\t\t\t\t<\/div>\n\t\t\t\t<\/div>\n\t\t\t\t<div class=\"elementor-element elementor-element-26a692ff elementor-widget elementor-widget-text-editor\" data-id=\"26a692ff\" data-element_type=\"widget\" data-widget_type=\"text-editor.default\">\n\t\t\t\t<div class=\"elementor-widget-container\">\n\t\t\t\t\t\t\t<p>Uma marca <strong>Grupo EBEG<\/strong><\/p>\t\t\t\t\t\t<\/div>\n\t\t\t\t<\/div>\n\t\t\t\t<div class=\"elementor-element elementor-element-c0feb4c elementor-widget elementor-widget-heading\" data-id=\"c0feb4c\" data-element_type=\"widget\" data-widget_type=\"heading.default\">\n\t\t\t\t<div class=\"elementor-widget-container\">\n\t\t\t<h2 class=\"elementor-heading-title elementor-size-default\"><a href=\"tel:551635123000\">(16) 3512 3000<\/a><\/h2>\t\t<\/div>\n\t\t\t\t<\/div>\n\t\t\t\t<div class=\"elementor-element elementor-element-7fecf3c4 elementor-widget elementor-widget-text-editor\" data-id=\"7fecf3c4\" data-element_type=\"widget\" data-widget_type=\"text-editor.default\">\n\t\t\t\t<div class=\"elementor-widget-container\">\n\t\t\t\t\t\t\t<p>Av. Maur\u00edlio Biagi, 800 &#8211; 13\u00b0 andar<\/p>\t\t\t\t\t\t<\/div>\n\t\t\t\t<\/div>\n\t\t\t\t<div class=\"elementor-element elementor-element-6cd77b89 elementor-widget elementor-widget-text-editor\" data-id=\"6cd77b89\" data-element_type=\"widget\" data-widget_type=\"text-editor.default\">\n\t\t\t\t<div class=\"elementor-widget-container\">\n\t\t\t\t\t\t\t<p>Ed. Spasse Office Santa Cruz &#8211; Ribeir\u00e3o Preto &#8211; SP<\/p>\t\t\t\t\t\t<\/div>\n\t\t\t\t<\/div>\n\t\t\t\t<\/div>\n\t\t<div class=\"elementor-element elementor-element-7dbc67d0 e-con-full e-flex e-con e-child\" data-id=\"7dbc67d0\" data-element_type=\"container\">\n\t\t\t\t<\/div>\n\t\t<div class=\"elementor-element elementor-element-77fc819f e-con-full e-flex e-con e-child\" data-id=\"77fc819f\" data-element_type=\"container\">\n\t\t\t\t<div class=\"elementor-element elementor-element-5af49caf elementor-mobile-align-center elementor-widget elementor-widget-button\" data-id=\"5af49caf\" data-element_type=\"widget\" data-widget_type=\"button.default\">\n\t\t\t\t<div class=\"elementor-widget-container\">\n\t\t\t\t\t\t\t<div class=\"elementor-button-wrapper\">\n\t\t\t\t\t<a class=\"elementor-button elementor-button-link elementor-size-sm\" href=\"https:\/\/ebeg.gupy.io\/\">\n\t\t\t\t\t\t<span class=\"elementor-button-content-wrapper\">\n\t\t\t\t\t\t\t\t\t<span class=\"elementor-button-text\">Trabalhe conosco<\/span>\n\t\t\t\t\t<\/span>\n\t\t\t\t\t<\/a>\n\t\t\t\t<\/div>\n\t\t\t\t\t\t<\/div>\n\t\t\t\t<\/div>\n\t\t\t\t<div class=\"elementor-element elementor-element-25053104 elementor-hidden-mobile elementor-widget elementor-widget-text-editor\" data-id=\"25053104\" data-element_type=\"widget\" data-widget_type=\"text-editor.default\">\n\t\t\t\t<div class=\"elementor-widget-container\">\n\t\t\t\t\t\t\t<p>Acompanhe a EBEG EMBALAGENS nas redes sociais.<\/p>\t\t\t\t\t\t<\/div>\n\t\t\t\t<\/div>\n\t\t\t\t<\/div>\n\t\t<div class=\"elementor-element elementor-element-3798a30f e-con-full e-flex e-con e-child\" data-id=\"3798a30f\" data-element_type=\"container\">\n\t\t\t\t<div class=\"elementor-element elementor-element-371b4f31 elementor-mobile-align-center elementor-widget elementor-widget-button\" data-id=\"371b4f31\" data-element_type=\"widget\" data-widget_type=\"button.default\">\n\t\t\t\t<div class=\"elementor-widget-container\">\n\t\t\t\t\t\t\t<div class=\"elementor-button-wrapper\">\n\t\t\t\t\t<a class=\"elementor-button elementor-button-link elementor-size-sm\" href=\"https:\/\/vagascomercial.gupy.io\/\">\n\t\t\t\t\t\t<span class=\"elementor-button-content-wrapper\">\n\t\t\t\t\t\t\t\t\t<span class=\"elementor-button-text\">Seja um representante<\/span>\n\t\t\t\t\t<\/span>\n\t\t\t\t\t<\/a>\n\t\t\t\t<\/div>\n\t\t\t\t\t\t<\/div>\n\t\t\t\t<\/div>\n\t\t\t\t<div class=\"elementor-element elementor-element-7b47efb8 e-grid-align-right elementor-shape-rounded elementor-grid-0 elementor-widget elementor-widget-social-icons\" data-id=\"7b47efb8\" data-element_type=\"widget\" data-widget_type=\"social-icons.default\">\n\t\t\t\t<div class=\"elementor-widget-container\">\n\t\t\t\t\t<div class=\"elementor-social-icons-wrapper elementor-grid\">\n\t\t\t\t\t\t\t<span class=\"elementor-grid-item\">\n\t\t\t\t\t<a class=\"elementor-icon elementor-social-icon elementor-social-icon-instagram elementor-repeater-item-6d198e4\" href=\"http:\/\/instagram.com\/ebegembalagens\" target=\"_blank\">\n\t\t\t\t\t\t<span class=\"elementor-screen-only\">Instagram<\/span>\n\t\t\t\t\t\t<svg class=\"e-font-icon-svg e-fab-instagram\" viewBox=\"0 0 448 512\" xmlns=\"http:\/\/www.w3.org\/2000\/svg\"><path d=\"M224.1 141c-63.6 0-114.9 51.3-114.9 114.9s51.3 114.9 114.9 114.9S339 319.5 339 255.9 287.7 141 224.1 141zm0 189.6c-41.1 0-74.7-33.5-74.7-74.7s33.5-74.7 74.7-74.7 74.7 33.5 74.7 74.7-33.6 74.7-74.7 74.7zm146.4-194.3c0 14.9-12 26.8-26.8 26.8-14.9 0-26.8-12-26.8-26.8s12-26.8 26.8-26.8 26.8 12 26.8 26.8zm76.1 27.2c-1.7-35.9-9.9-67.7-36.2-93.9-26.2-26.2-58-34.4-93.9-36.2-37-2.1-147.9-2.1-184.9 0-35.8 1.7-67.6 9.9-93.9 36.1s-34.4 58-36.2 93.9c-2.1 37-2.1 147.9 0 184.9 1.7 35.9 9.9 67.7 36.2 93.9s58 34.4 93.9 36.2c37 2.1 147.9 2.1 184.9 0 35.9-1.7 67.7-9.9 93.9-36.2 26.2-26.2 34.4-58 36.2-93.9 2.1-37 2.1-147.8 0-184.8zM398.8 388c-7.8 19.6-22.9 34.7-42.6 42.6-29.5 11.7-99.5 9-132.1 9s-102.7 2.6-132.1-9c-19.6-7.8-34.7-22.9-42.6-42.6-11.7-29.5-9-99.5-9-132.1s-2.6-102.7 9-132.1c7.8-19.6 22.9-34.7 42.6-42.6 29.5-11.7 99.5-9 132.1-9s102.7-2.6 132.1 9c19.6 7.8 34.7 22.9 42.6 42.6 11.7 29.5 9 99.5 9 132.1s2.7 102.7-9 132.1z\"><\/path><\/svg>\t\t\t\t\t<\/a>\n\t\t\t\t<\/span>\n\t\t\t\t\t<\/div>\n\t\t\t\t<\/div>\n\t\t\t\t<\/div>\n\t\t\t\t<\/div>\n\t\t\t\t\t<\/div>\n\t\t\t\t<\/div>\n\t\t<div class=\"elementor-element elementor-element-741f1aa e-flex e-con-boxed e-con e-parent\" data-id=\"741f1aa\" data-element_type=\"container\" data-settings=\"{&quot;background_background&quot;:&quot;classic&quot;}\">\n\t\t\t\t\t<div class=\"e-con-inner\">\n\t\t\t\t<div class=\"elementor-element elementor-element-5af3ac1 elementor-widget elementor-widget-heading\" data-id=\"5af3ac1\" data-element_type=\"widget\" data-widget_type=\"heading.default\">\n\t\t\t\t<div class=\"elementor-widget-container\">\n\t\t\t<h2 class=\"elementor-heading-title elementor-size-default\">\u00a9 2025 EBEG Embalagens | Todos os direitos reservados <\/h2>\t\t<\/div>\n\t\t\t\t<\/div>\n\t\t\t\t\t<\/div>\n\t\t\t\t<\/div>\n\t\t<div class=\"elementor-element elementor-element-525cbb4 e-flex e-con-boxed e-con e-parent\" data-id=\"525cbb4\" data-element_type=\"container\">\n\t\t\t\t\t<div class=\"e-con-inner\">\n\t\t\t\t<div class=\"elementor-element elementor-element-ae46f94 elementor-widget elementor-widget-html\" data-id=\"ae46f94\" data-element_type=\"widget\" data-widget_type=\"html.default\">\n\t\t\t\t<div class=\"elementor-widget-container\">\n\t\t\t<script src=\"https:\/\/unpkg.com\/lenis@1.1.18\/dist\/lenis.min.js\"><\/script>\r\n<link rel=\"stylesheet\" href=\"https:\/\/unpkg.com\/lenis@1.1.18\/dist\/lenis.css\">\r\n\r\n<script>\r\n    const lenis = new Lenis({\r\n      duration: 1.2,\r\n    })\r\n    \r\n    function raf(time) {\r\n      lenis.raf(time)\r\n      requestAnimationFrame(raf)\r\n    }\r\n    \r\n    requestAnimationFrame(raf)\r\n<\/script>\r\n\t\t<\/div>\n\t\t\t\t<\/div>\n\t\t\t\t\t<\/div>\n\t\t\t\t<\/div>\n\t\t\t\t<\/div>\n\t\t","protected":false},"excerpt":{"rendered":"<p>Acesse nosso cat\u00e1logo COMPROMISSO AMBIENTAL Entendemos que sustentabilidade \u00e9 um compromisso di\u00e1rio com pr\u00e1ticas respons\u00e1veis que preservam o meio ambiente. Acreditamos que a educa\u00e7\u00e3o ambiental \u00e9 a chave para promover a conscientiza\u00e7\u00e3o e mudar atitudes, contribuindo para um futuro mais equilibrado e sustent\u00e1vel para todos. Fazemos parte da mudan\u00e7a Proteger a natureza \u00e9 uma responsabilidade [&hellip;]<\/p>\n","protected":false},"author":2,"featured_media":0,"parent":0,"menu_order":0,"comment_status":"closed","ping_status":"closed","template":"","meta":{"footnotes":""},"class_list":["post-546","page","type-page","status-publish","hentry"],"_links":{"self":[{"href":"https:\/\/ebegembalagens.com.br\/index.php?rest_route=\/wp\/v2\/pages\/546","targetHints":{"allow":["GET"]}}],"collection":[{"href":"https:\/\/ebegembalagens.com.br\/index.php?rest_route=\/wp\/v2\/pages"}],"about":[{"href":"https:\/\/ebegembalagens.com.br\/index.php?rest_route=\/wp\/v2\/types\/page"}],"author":[{"embeddable":true,"href":"https:\/\/ebegembalagens.com.br\/index.php?rest_route=\/wp\/v2\/users\/2"}],"replies":[{"embeddable":true,"href":"https:\/\/ebegembalagens.com.br\/index.php?rest_route=%2Fwp%2Fv2%2Fcomments&post=546"}],"version-history":[{"count":60,"href":"https:\/\/ebegembalagens.com.br\/index.php?rest_route=\/wp\/v2\/pages\/546\/revisions"}],"predecessor-version":[{"id":1742,"href":"https:\/\/ebegembalagens.com.br\/index.php?rest_route=\/wp\/v2\/pages\/546\/revisions\/1742"}],"wp:attachment":[{"href":"https:\/\/ebegembalagens.com.br\/index.php?rest_route=%2Fwp%2Fv2%2Fmedia&parent=546"}],"curies":[{"name":"wp","href":"https:\/\/api.w.org\/{rel}","templated":true}]}}